{"id":3367,"date":"2025-08-18T10:27:05","date_gmt":"2025-08-18T10:27:05","guid":{"rendered":"https:\/\/uus.hnrk.ee\/physical-and-occupational-therapy-home-services\/"},"modified":"2025-12-09T08:24:50","modified_gmt":"2025-12-09T08:24:50","slug":"pt-on-ot-home-services","status":"publish","type":"page","link":"https:\/\/www.hnrk.ee\/en\/pt-on-ot-home-services\/","title":{"rendered":"PT on OT home services"},"content":{"rendered":"\t\t<div data-elementor-type=\"wp-page\" data-elementor-id=\"3367\" class=\"elementor elementor-3367 elementor-2699\" data-elementor-post-type=\"page\">\n\t\t\t\t<div class=\"elementor-element elementor-element-925b663 e-flex e-con-boxed e-con e-parent\" data-id=\"925b663\" data-element_type=\"container\" data-e-type=\"container\" data-settings=\"{&quot;background_background&quot;:&quot;classic&quot;,&quot;jet_parallax_layout_list&quot;:[],&quot;animation&quot;:&quot;none&quot;}\">\n\t\t\t\t\t<div class=\"e-con-inner\">\n\t\t\t\t<div class=\"elementor-element elementor-element-f417239 elementor-widget__width-initial elementor-widget elementor-widget-heading\" data-id=\"f417239\" data-element_type=\"widget\" data-e-type=\"widget\" data-widget_type=\"heading.default\">\n\t\t\t\t<div class=\"elementor-widget-container\">\n\t\t\t\t\t<h2 class=\"elementor-heading-title elementor-size-default\">PT on OT home services<\/h2>\t\t\t\t<\/div>\n\t\t\t\t<\/div>\n\t\t\t\t\t<\/div>\n\t\t\t\t<\/div>\n\t\t<div class=\"elementor-element elementor-element-d30eb4e e-flex e-con-boxed e-con e-parent\" data-id=\"d30eb4e\" data-element_type=\"container\" data-e-type=\"container\" data-settings=\"{&quot;background_background&quot;:&quot;classic&quot;,&quot;jet_parallax_layout_list&quot;:[],&quot;animation&quot;:&quot;none&quot;}\">\n\t\t\t\t\t<div class=\"e-con-inner\">\n\t\t<div class=\"elementor-element elementor-element-c3b9c23 e-con-full e-flex e-con e-child\" data-id=\"c3b9c23\" data-element_type=\"container\" data-e-type=\"container\" data-settings=\"{&quot;jet_parallax_layout_list&quot;:[]}\">\n\t\t\t\t<div class=\"elementor-element elementor-element-c6d42d0 elementor-widget__width-initial elementor-widget elementor-widget-heading\" data-id=\"c6d42d0\" data-element_type=\"widget\" data-e-type=\"widget\" data-widget_type=\"heading.default\">\n\t\t\t\t<div class=\"elementor-widget-container\">\n\t\t\t\t\t<h4 class=\"elementor-heading-title elementor-size-default\">We provide physical therapy home services both as a paid service and with a family doctor's referral* to the following target groups in Tallinn, Tartu, Haapsalu, and their surrounding areas:<\/h4>\t\t\t\t<\/div>\n\t\t\t\t<\/div>\n\t\t\t\t<div class=\"elementor-element elementor-element-406f5e7 elementor-widget__width-initial elementor-widget elementor-widget-text-editor\" data-id=\"406f5e7\" data-element_type=\"widget\" data-e-type=\"widget\" data-widget_type=\"text-editor.default\">\n\t\t\t\t<div class=\"elementor-widget-container\">\n\t\t\t\t\t\t\t\t\t<p><strong>TALLINN<\/strong> (+Tabasalu, Muraste, Saue, Saku, Maardu and J\u00fcri)<\/p><ul><li>Traumatic brain injury and stroke<\/li><li>Spinal cord injury<\/li><li>Musculoskeletal system (back pain, post-endoprosthesis PT, fractures)<\/li><li>Children<\/li><\/ul><p><strong>TARTU<\/strong> (+N\u00f5o, L\u00e4hte, K\u00f5rvek\u00fcla)<\/p><ul><li>Traumatic brain injury and stroke<\/li><li>Spinal cord injury<\/li><li>Musculoskeletal system (back pain, post-endoprosthesis PT, fractures, overuse injuries)<\/li><\/ul><p><b>HAAPSALU <\/b>(+Palivere, Martna, Puise and other surrounding areas of Haapsalu)<\/p><ul><li>Traumatic brain injury and stroke<\/li><li>Spinal cord injury<\/li><li>Musculoskeletal system (back pain, post-endoprosthesis PT, fractures, overuse injuries)<\/li><\/ul>\t\t\t\t\t\t\t\t<\/div>\n\t\t\t\t<\/div>\n\t\t<div class=\"elementor-element elementor-element-27e866a9 e-con-full e-flex e-con e-child\" data-id=\"27e866a9\" data-element_type=\"container\" data-e-type=\"container\" data-settings=\"{&quot;jet_parallax_layout_list&quot;:[],&quot;background_background&quot;:&quot;classic&quot;}\">\n\t\t\t\t<div class=\"elementor-element elementor-element-2db2d288 elementor-widget elementor-widget-text-editor\" data-id=\"2db2d288\" data-element_type=\"widget\" data-e-type=\"widget\" data-widget_type=\"text-editor.default\">\n\t\t\t\t<div class=\"elementor-widget-container\">\n\t\t\t\t\t\t\t\t\t<p>* HNRK has a contract with the Health Insurance Fund to provide independent physiotherapist consultations, including home services. <strong>A GP&#8217;s referral is required to receive the service.<\/strong><\/p>\t\t\t\t\t\t\t\t<\/div>\n\t\t\t\t<\/div>\n\t\t\t\t<\/div>\n\t\t\t\t<\/div>\n\t\t\t\t<div class=\"elementor-element elementor-element-5a2ef4c elementor-widget-divider--view-line elementor-widget elementor-widget-divider\" data-id=\"5a2ef4c\" data-element_type=\"widget\" data-e-type=\"widget\" data-widget_type=\"divider.default\">\n\t\t\t\t<div class=\"elementor-widget-container\">\n\t\t\t\t\t\t\t<div class=\"elementor-divider\">\n\t\t\t<span class=\"elementor-divider-separator\">\n\t\t\t\t\t\t<\/span>\n\t\t<\/div>\n\t\t\t\t\t\t<\/div>\n\t\t\t\t<\/div>\n\t\t<div class=\"elementor-element elementor-element-8020d29 e-con-full e-flex e-con e-child\" data-id=\"8020d29\" data-element_type=\"container\" data-e-type=\"container\" data-settings=\"{&quot;jet_parallax_layout_list&quot;:[]}\">\n\t\t\t\t<div class=\"elementor-element elementor-element-cb33266 elementor-widget__width-initial elementor-widget elementor-widget-heading\" data-id=\"cb33266\" data-element_type=\"widget\" data-e-type=\"widget\" data-widget_type=\"heading.default\">\n\t\t\t\t<div class=\"elementor-widget-container\">\n\t\t\t\t\t<h4 class=\"elementor-heading-title elementor-size-default\">We provide occupational therapy home services as a paid service.\n<\/h4>\t\t\t\t<\/div>\n\t\t\t\t<\/div>\n\t\t\t\t<div class=\"elementor-element elementor-element-9f6427a elementor-widget__width-initial elementor-widget elementor-widget-text-editor\" data-id=\"9f6427a\" data-element_type=\"widget\" data-e-type=\"widget\" data-widget_type=\"text-editor.default\">\n\t\t\t\t<div class=\"elementor-widget-container\">\n\t\t\t\t\t\t\t\t\t<ul><li>In Tallinn, its surrounding areas, and the northern part of Rapla County (up to Kohila)<\/li><\/ul>\t\t\t\t\t\t\t\t<\/div>\n\t\t\t\t<\/div>\n\t\t\t\t<\/div>\n\t\t\t\t\t<\/div>\n\t\t\t\t<\/div>\n\t\t\t\t<\/div>\n\t\t","protected":false},"excerpt":{"rendered":"<p>We provide physical therapy home services both as a paid service and with a family doctor&#8217;s referral* to the following target groups in Tallinn, Tartu, Haapsalu, and their surrounding areas: TALLINN (+Tabasalu, Muraste, Saue, Saku, Maardu and J\u00fcri) Traumatic brain injury and stroke Spinal cord injury Musculoskeletal system (back pain, post-endoprosthesis PT, fractures) Children TARTU [&hellip;]<\/p>\n","protected":false},"author":4,"featured_media":0,"parent":0,"menu_order":0,"comment_status":"closed","ping_status":"closed","template":"elementor_header_footer","meta":{"_acf_changed":false,"footnotes":""},"class_list":["post-3367","page","type-page","status-publish","hentry"],"acf":[],"yoast_head":"<!-- This site is optimized with the Yoast SEO plugin v27.6 - https:\/\/yoast.com\/product\/yoast-seo-wordpress\/ -->\n<title>PT on OT home services - HNRK<\/title>\n<meta name=\"robots\" content=\"index, follow, max-snippet:-1, max-image-preview:large, max-video-preview:-1\" \/>\n<link rel=\"canonical\" href=\"https:\/\/www.hnrk.ee\/en\/pt-on-ot-home-services\/\" \/>\n<meta property=\"og:locale\" content=\"en_US\" \/>\n<meta property=\"og:type\" content=\"article\" \/>\n<meta property=\"og:title\" content=\"PT on OT home services - HNRK\" \/>\n<meta property=\"og:description\" content=\"We provide physical therapy home services both as a paid service and with a family doctor&#8217;s referral* to the following target groups in Tallinn, Tartu, Haapsalu, and their surrounding areas: TALLINN (+Tabasalu, Muraste, Saue, Saku, Maardu and J\u00fcri) Traumatic brain injury and stroke Spinal cord injury Musculoskeletal system (back pain, post-endoprosthesis PT, fractures) Children TARTU [&hellip;]\" \/>\n<meta property=\"og:url\" content=\"https:\/\/www.hnrk.ee\/en\/pt-on-ot-home-services\/\" \/>\n<meta property=\"og:site_name\" content=\"HNRK\" \/>\n<meta property=\"article:publisher\" content=\"https:\/\/www.facebook.com\/haapsaluNRK\" \/>\n<meta property=\"article:modified_time\" content=\"2025-12-09T08:24:50+00:00\" \/>\n<meta name=\"twitter:card\" content=\"summary_large_image\" \/>\n<meta name=\"twitter:label1\" content=\"Est. reading time\" \/>\n\t<meta name=\"twitter:data1\" content=\"1 minute\" \/>\n<script type=\"application\/ld+json\" class=\"yoast-schema-graph\">{\"@context\":\"https:\\\/\\\/schema.org\",\"@graph\":[{\"@type\":\"WebPage\",\"@id\":\"https:\\\/\\\/www.hnrk.ee\\\/en\\\/pt-on-ot-home-services\\\/\",\"url\":\"https:\\\/\\\/www.hnrk.ee\\\/en\\\/pt-on-ot-home-services\\\/\",\"name\":\"PT on OT home services - HNRK\",\"isPartOf\":{\"@id\":\"https:\\\/\\\/www.hnrk.ee\\\/#website\"},\"datePublished\":\"2025-08-18T10:27:05+00:00\",\"dateModified\":\"2025-12-09T08:24:50+00:00\",\"breadcrumb\":{\"@id\":\"https:\\\/\\\/www.hnrk.ee\\\/en\\\/pt-on-ot-home-services\\\/#breadcrumb\"},\"inLanguage\":\"en-US\",\"potentialAction\":[{\"@type\":\"ReadAction\",\"target\":[\"https:\\\/\\\/www.hnrk.ee\\\/en\\\/pt-on-ot-home-services\\\/\"]}]},{\"@type\":\"BreadcrumbList\",\"@id\":\"https:\\\/\\\/www.hnrk.ee\\\/en\\\/pt-on-ot-home-services\\\/#breadcrumb\",\"itemListElement\":[{\"@type\":\"ListItem\",\"position\":1,\"name\":\"Home\",\"item\":\"https:\\\/\\\/www.hnrk.ee\\\/en\\\/\"},{\"@type\":\"ListItem\",\"position\":2,\"name\":\"PT on OT home services\"}]},{\"@type\":\"WebSite\",\"@id\":\"https:\\\/\\\/www.hnrk.ee\\\/#website\",\"url\":\"https:\\\/\\\/www.hnrk.ee\\\/\",\"name\":\"HNRK\",\"description\":\"Anname eluj\u00f5u tagasi\",\"publisher\":{\"@id\":\"https:\\\/\\\/www.hnrk.ee\\\/#organization\"},\"potentialAction\":[{\"@type\":\"SearchAction\",\"target\":{\"@type\":\"EntryPoint\",\"urlTemplate\":\"https:\\\/\\\/www.hnrk.ee\\\/?s={search_term_string}\"},\"query-input\":{\"@type\":\"PropertyValueSpecification\",\"valueRequired\":true,\"valueName\":\"search_term_string\"}}],\"inLanguage\":\"en-US\"},{\"@type\":\"Organization\",\"@id\":\"https:\\\/\\\/www.hnrk.ee\\\/#organization\",\"name\":\"HNRK\",\"url\":\"https:\\\/\\\/www.hnrk.ee\\\/\",\"logo\":{\"@type\":\"ImageObject\",\"inLanguage\":\"en-US\",\"@id\":\"https:\\\/\\\/www.hnrk.ee\\\/#\\\/schema\\\/logo\\\/image\\\/\",\"url\":\"https:\\\/\\\/www.hnrk.ee\\\/wp-content\\\/uploads\\\/2025\\\/02\\\/HNRK_logo.svg\",\"contentUrl\":\"https:\\\/\\\/www.hnrk.ee\\\/wp-content\\\/uploads\\\/2025\\\/02\\\/HNRK_logo.svg\",\"width\":637.6,\"height\":146.3,\"caption\":\"HNRK\"},\"image\":{\"@id\":\"https:\\\/\\\/www.hnrk.ee\\\/#\\\/schema\\\/logo\\\/image\\\/\"},\"sameAs\":[\"https:\\\/\\\/www.facebook.com\\\/haapsaluNRK\"]}]}<\/script>\n<!-- \/ Yoast SEO plugin. -->","yoast_head_json":{"title":"PT on OT home services - HNRK","robots":{"index":"index","follow":"follow","max-snippet":"max-snippet:-1","max-image-preview":"max-image-preview:large","max-video-preview":"max-video-preview:-1"},"canonical":"https:\/\/www.hnrk.ee\/en\/pt-on-ot-home-services\/","og_locale":"en_US","og_type":"article","og_title":"PT on OT home services - HNRK","og_description":"We provide physical therapy home services both as a paid service and with a family doctor&#8217;s referral* to the following target groups in Tallinn, Tartu, Haapsalu, and their surrounding areas: TALLINN (+Tabasalu, Muraste, Saue, Saku, Maardu and J\u00fcri) Traumatic brain injury and stroke Spinal cord injury Musculoskeletal system (back pain, post-endoprosthesis PT, fractures) Children TARTU [&hellip;]","og_url":"https:\/\/www.hnrk.ee\/en\/pt-on-ot-home-services\/","og_site_name":"HNRK","article_publisher":"https:\/\/www.facebook.com\/haapsaluNRK","article_modified_time":"2025-12-09T08:24:50+00:00","twitter_card":"summary_large_image","twitter_misc":{"Est. reading time":"1 minute"},"schema":{"@context":"https:\/\/schema.org","@graph":[{"@type":"WebPage","@id":"https:\/\/www.hnrk.ee\/en\/pt-on-ot-home-services\/","url":"https:\/\/www.hnrk.ee\/en\/pt-on-ot-home-services\/","name":"PT on OT home services - HNRK","isPartOf":{"@id":"https:\/\/www.hnrk.ee\/#website"},"datePublished":"2025-08-18T10:27:05+00:00","dateModified":"2025-12-09T08:24:50+00:00","breadcrumb":{"@id":"https:\/\/www.hnrk.ee\/en\/pt-on-ot-home-services\/#breadcrumb"},"inLanguage":"en-US","potentialAction":[{"@type":"ReadAction","target":["https:\/\/www.hnrk.ee\/en\/pt-on-ot-home-services\/"]}]},{"@type":"BreadcrumbList","@id":"https:\/\/www.hnrk.ee\/en\/pt-on-ot-home-services\/#breadcrumb","itemListElement":[{"@type":"ListItem","position":1,"name":"Home","item":"https:\/\/www.hnrk.ee\/en\/"},{"@type":"ListItem","position":2,"name":"PT on OT home services"}]},{"@type":"WebSite","@id":"https:\/\/www.hnrk.ee\/#website","url":"https:\/\/www.hnrk.ee\/","name":"HNRK","description":"Anname eluj\u00f5u tagasi","publisher":{"@id":"https:\/\/www.hnrk.ee\/#organization"},"potentialAction":[{"@type":"SearchAction","target":{"@type":"EntryPoint","urlTemplate":"https:\/\/www.hnrk.ee\/?s={search_term_string}"},"query-input":{"@type":"PropertyValueSpecification","valueRequired":true,"valueName":"search_term_string"}}],"inLanguage":"en-US"},{"@type":"Organization","@id":"https:\/\/www.hnrk.ee\/#organization","name":"HNRK","url":"https:\/\/www.hnrk.ee\/","logo":{"@type":"ImageObject","inLanguage":"en-US","@id":"https:\/\/www.hnrk.ee\/#\/schema\/logo\/image\/","url":"https:\/\/www.hnrk.ee\/wp-content\/uploads\/2025\/02\/HNRK_logo.svg","contentUrl":"https:\/\/www.hnrk.ee\/wp-content\/uploads\/2025\/02\/HNRK_logo.svg","width":637.6,"height":146.3,"caption":"HNRK"},"image":{"@id":"https:\/\/www.hnrk.ee\/#\/schema\/logo\/image\/"},"sameAs":["https:\/\/www.facebook.com\/haapsaluNRK"]}]}},"_links":{"self":[{"href":"https:\/\/www.hnrk.ee\/en\/wp-json\/wp\/v2\/pages\/3367","targetHints":{"allow":["GET"]}}],"collection":[{"href":"https:\/\/www.hnrk.ee\/en\/wp-json\/wp\/v2\/pages"}],"about":[{"href":"https:\/\/www.hnrk.ee\/en\/wp-json\/wp\/v2\/types\/page"}],"author":[{"embeddable":true,"href":"https:\/\/www.hnrk.ee\/en\/wp-json\/wp\/v2\/users\/4"}],"replies":[{"embeddable":true,"href":"https:\/\/www.hnrk.ee\/en\/wp-json\/wp\/v2\/comments?post=3367"}],"version-history":[{"count":3,"href":"https:\/\/www.hnrk.ee\/en\/wp-json\/wp\/v2\/pages\/3367\/revisions"}],"predecessor-version":[{"id":4271,"href":"https:\/\/www.hnrk.ee\/en\/wp-json\/wp\/v2\/pages\/3367\/revisions\/4271"}],"wp:attachment":[{"href":"https:\/\/www.hnrk.ee\/en\/wp-json\/wp\/v2\/media?parent=3367"}],"curies":[{"name":"wp","href":"https:\/\/api.w.org\/{rel}","templated":true}]}}